{"id":3,"date":"2019-09-19T05:36:35","date_gmt":"2019-09-19T05:36:35","guid":{"rendered":"http:\/\/wp-4-9-8.autoinstalator.eu\/?page_id=3"},"modified":"2019-10-07T10:56:15","modified_gmt":"2019-10-07T08:56:15","slug":"polityka-prywatnosci","status":"publish","type":"page","link":"https:\/\/olemer.pl\/en\/polityka-prywatnosci\/","title":{"rendered":"Politics of privacy"},"content":{"rendered":"<div data-elementor-type=\"wp-page\" data-elementor-id=\"3\" class=\"elementor elementor-3\" data-elementor-settings=\"[]\">\n\t\t\t\t\t\t<div class=\"elementor-inner\">\n\t\t\t\t\t\t\t<div class=\"elementor-section-wrap\">\n\t\t\t\t\t\t\t<section class=\"elementor-section elementor-top-section elementor-element elementor-element-489ebd48 elementor-section-boxed elementor-section-height-default elementor-section-height-default\" data-id=\"489ebd48\" data-element_type=\"section\">\n\t\t\t\t\t\t<div class=\"elementor-container elementor-column-gap-default\">\n\t\t\t\t\t\t\t<div class=\"elementor-row\">\n\t\t\t\t\t<div class=\"elementor-column elementor-col-100 elementor-top-column elementor-element elementor-element-7e1cd27f\" data-id=\"7e1cd27f\" data-element_type=\"column\">\n\t\t\t<div class=\"elementor-column-wrap elementor-element-populated\">\n\t\t\t\t\t\t\t<div class=\"elementor-widget-wrap\">\n\t\t\t\t\t\t<div class=\"elementor-element elementor-element-e14dcb7 elementor-widget elementor-widget-text-editor\" data-id=\"e14dcb7\" data-element_type=\"widget\" data-widget_type=\"text-editor.default\">\n\t\t\t\t<div class=\"elementor-widget-container\">\n\t\t\t\t\t<div class=\"elementor-text-editor elementor-clearfix\"><p><strong>Klauzula informacyjna<\/strong><\/p><p>Administratorem Twoich danych osobowych jest <strong>Olemer Sp. z o.o.<\/strong> z siedzib\u0105 w Gda\u0144sk 80-152, ul. Powsta\u0144c\u00f3w Warszawskich 17\/1,<br \/><strong>Contact<\/strong>: <a href=\"mailto:olemer.gdansk@gmail.com\">olemer.gdansk@gmail.com<\/a><\/p><p>Przetwarzamy Twoje dane (nr telefonu i adres e-mail) w celu kontaktu z Tob\u0105 by um\u00f3wi\u0107 si\u0119 na spotkanie\/ warsztaty\/ kursy. Podstaw\u0105 przetwarzania w tym wypadku jest art. 6 ust. 1 lit. a RODO. Dane osobowe przetwarzane s\u0105 tak\u017ce w celu realizacji umowy na podstawie art. 6 ust. 1 lit. b RODO. Dane b\u0119d\u0105 r\u00f3wnie\u017c przez nas przetwarzane w celu wype\u0142nienia obowi\u0105zku prawnego, w tym wypadku podstaw\u0105 b\u0119dzie art. 6 ust. 1 lit. c RODO. B\u0119dziemy r\u00f3wnie\u017c przetwarza\u0107 dane osobowe w celu ochrony uzasadnionych interes\u00f3w, takich jak ochrona przed ewentualnymi roszczeniami lub dochodzenie swoich praw, w tym wypadku podstaw\u0105 b\u0119dzie art. 6 ust. 1 lit. f RODO.<\/p><p>Dane osobowe b\u0119d\u0105 przechowywane na czas realizacji umowy. Po zako\u0144czeniu przetwarzania danych osobowych w pierwotnym celu, dane b\u0119d\u0105 przechowywane przez okres okre\u015blony ustawowo (art. 51 ustawy z dnia 14 lipca 1983 r. o narodowym zasobie archiwalnym i archiwach)<br \/>Podanie danych jest dobrowolne, jednak ich niepodanie skutkowa\u0107 b\u0119dzie brakiem mo\u017cliwo\u015bci realizacji us\u0142ugi, z wy\u0142\u0105czeniem danych kontaktowych (nr telefonu, adres e-mail).<\/p><p>Twoje dane osobowe mog\u0105 by\u0107 przekazywane nast\u0119puj\u0105cym odbiorcom wsp\u00f3\u0142pracuj\u0105cymi z Administratorem: biuro rachunkowe, firma \u015bwiadcz\u0105ca us\u0142ugi IT. Ponadto dane b\u0119d\u0105 przekazywane do instytucji pa\u0144stwowych, wynikaj\u0105cych bezpo\u015brednio ze stosunku pracy dla cel\u00f3w wype\u0142nienia obowi\u0105zk\u00f3w prawnych ci\u0105\u017c\u0105cych na Administratorze.<\/p><p>Twoje dane (tylko pliki cookies) mog\u0105 by\u0107 przekazywane poza obszar EOG \u2013 ze wzgl\u0119du na wykorzystywan\u0105 technologi\u0119 Google Analitycs.<br \/>Jako administrator Twoich danych, zapewniamy Ci prawo dost\u0119pu do Twoich danych, mo\u017cesz je r\u00f3wnie\u017c sprostowa\u0107, \u017c\u0105da\u0107 ich usuni\u0119cia lub ograniczenia ich przetwarzania. Mo\u017cesz tak\u017ce skorzysta\u0107 z uprawnienia do z\u0142o\u017cenia wobec Administratora sprzeciwu wobec przetwarzania Twoich danych oraz prawa do przenoszenia danych do innego administratora danych.<br \/>Polityka prywatno\u015bci i wykorzystywania plik\u00f3w Cookies.<\/p><p><strong>Olemer Sp. z o.o.<\/strong> przyk\u0142ada wielk\u0105 wag\u0119 do ochrony danych osobowych, dlatego te\u017c pragniemy poinformowa\u0107 Ci\u0119 o sposobach przetwarzania Twoich danych przez nas. Pliki cookies mog\u0105 by\u0107 zapisywane w Twoim urz\u0105dzeniu i przesy\u0142ane do nas podczas gdy korzystasz z naszej strony. Ma to na celu sprawn\u0105 obs\u0142ug\u0119 serwisu, pliki cookies to dla nas \u017ar\u00f3d\u0142o informacji o Twojej dzia\u0142alno\u015bci na stronie, dzi\u0119ki temu mo\u017cemy j\u0105 stale ulepsza\u0107, tak by jak najlepiej spe\u0142nia\u0107 Twoje oczekiwania.<\/p><p>Zbierane przez nas pliki cookies to przede wszystkim pliki statystyczne, wykorzystywane przez narz\u0119dzie google: Google Analitycs.<br \/>Za pomoc\u0105 plik\u00f3w cookies nie mo\u017cemy zidentyfikowa\u0107 bezpo\u015brednio u\u017cytkownika Sieci. Mo\u017cemy natomiast zdoby\u0107 informacje takie jak: nazwa systemu operacyjnego, nazwa przegl\u0105darki internetowej, adres poprzednio odwiedzanej strony (je\u015bli skorzysta\u0142e\u015b na niej z linka przekierowuj\u0105cego na nasz\u0105 stron\u0119).<\/p><p>Dane te mog\u0105 by\u0107 przekazywane do pa\u0144stwa le\u017c\u0105cego poza Uni\u0105 Europejsk\u0105 \u2013 w\u0142a\u015bni ze wzgl\u0119du na wykorzystywanie Google Analitycs.<br \/>Nie b\u0119dziemy profilowa\u0107 Twoich danych ani wy\u015bwietla\u0107 Ci spersonalizowanych reklam.<\/p><\/div>\n\t\t\t\t<\/div>\n\t\t\t\t<\/div>\n\t\t\t\t\t\t<\/div>\n\t\t\t\t\t<\/div>\n\t\t<\/div>\n\t\t\t\t\t\t\t\t<\/div>\n\t\t\t\t\t<\/div>\n\t\t<\/section>\n\t\t\t\t\t\t<\/div>\n\t\t\t\t\t\t<\/div>\n\t\t\t\t\t<\/div>","protected":false},"excerpt":{"rendered":"<p>Klauzula informacyjna Administratorem Twoich danych osobowych jest Olemer Sp. z o.o. z siedzib\u0105 w Gda\u0144sk 80-152, ul. Powsta\u0144c\u00f3w Warszawskich 17\/1,Kontakt: olemer.gdansk@gmail.com Przetwarzamy Twoje dane (nr telefonu i adres e-mail) w celu kontaktu z Tob\u0105 by um\u00f3wi\u0107 si\u0119 na spotkanie\/ warsztaty\/ kursy. Podstaw\u0105 przetwarzania w tym wypadku jest art. 6 ust. 1 lit. a RODO. Dane [&hellip;]<\/p>","protected":false},"author":2,"featured_media":0,"parent":0,"menu_order":0,"comment_status":"closed","ping_status":"open","template":"","meta":[],"_links":{"self":[{"href":"https:\/\/olemer.pl\/en\/wp-json\/wp\/v2\/pages\/3"}],"collection":[{"href":"https:\/\/olemer.pl\/en\/wp-json\/wp\/v2\/pages"}],"about":[{"href":"https:\/\/olemer.pl\/en\/wp-json\/wp\/v2\/types\/page"}],"author":[{"embeddable":true,"href":"https:\/\/olemer.pl\/en\/wp-json\/wp\/v2\/users\/2"}],"replies":[{"embeddable":true,"href":"https:\/\/olemer.pl\/en\/wp-json\/wp\/v2\/comments?post=3"}],"version-history":[{"count":4,"href":"https:\/\/olemer.pl\/en\/wp-json\/wp\/v2\/pages\/3\/revisions"}],"predecessor-version":[{"id":315,"href":"https:\/\/olemer.pl\/en\/wp-json\/wp\/v2\/pages\/3\/revisions\/315"}],"wp:attachment":[{"href":"https:\/\/olemer.pl\/en\/wp-json\/wp\/v2\/media?parent=3"}],"curies":[{"name":"wp","href":"https:\/\/api.w.org\/{rel}","templated":true}]}}